{"id":19940,"date":"2024-08-19T11:05:57","date_gmt":"2024-08-19T11:05:57","guid":{"rendered":"https:\/\/traceled.com.br\/novo\/?page_id=19940"},"modified":"2024-08-19T14:15:15","modified_gmt":"2024-08-19T14:15:15","slug":"qualidade","status":"publish","type":"page","link":"https:\/\/traceled.com.br\/novo\/qualidade\/","title":{"rendered":"Qualidade"},"content":{"rendered":"\t\t<div data-elementor-type=\"wp-page\" data-elementor-id=\"19940\" class=\"elementor elementor-19940\" data-elementor-settings=\"{&quot;ha_cmc_init_switcher&quot;:&quot;no&quot;}\" data-elementor-post-type=\"page\">\n\t\t\t\t\t\t<section data-particle_enable=\"false\" data-particle-mobile-disabled=\"false\" class=\"elementor-section elementor-top-section elementor-element elementor-element-1cce6b5 elementor-section-boxed elementor-section-height-default elementor-section-height-default\" data-id=\"1cce6b5\" data-element_type=\"section\" data-e-type=\"section\" data-settings=\"{&quot;background_background&quot;:&quot;gradient&quot;,&quot;_ha_eqh_enable&quot;:false}\">\n\t\t\t\t\t\t<div class=\"elementor-container elementor-column-gap-default\">\n\t\t\t\t\t<div class=\"elementor-column elementor-col-100 elementor-top-column elementor-element elementor-element-59668f2\" data-id=\"59668f2\" data-element_type=\"column\" data-e-type=\"column\">\n\t\t\t<div class=\"elementor-widget-wrap elementor-element-populated\">\n\t\t\t\t\t\t\t<\/div>\n\t\t<\/div>\n\t\t\t\t\t<\/div>\n\t\t<\/section>\n\t\t<div data-particle_enable=\"false\" data-particle-mobile-disabled=\"false\" class=\"elementor-element elementor-element-6a63ce0 e-flex e-con-boxed e-con e-parent\" data-id=\"6a63ce0\" data-element_type=\"container\" data-e-type=\"container\" data-settings=\"{&quot;_ha_eqh_enable&quot;:false}\">\n\t\t\t\t\t<div class=\"e-con-inner\">\n\t\t\t\t<div class=\"elementor-element elementor-element-44f4ba2 ha-has-bg-overlay elementor-widget elementor-widget-heading\" data-id=\"44f4ba2\" data-element_type=\"widget\" data-e-type=\"widget\" data-widget_type=\"heading.default\">\n\t\t\t\t<div class=\"elementor-widget-container\">\n\t\t\t\t\t<h2 class=\"elementor-heading-title elementor-size-default\">Pol\u00edtica da Qualidade<\/h2>\t\t\t\t<\/div>\n\t\t\t\t<\/div>\n\t\t\t\t\t<\/div>\n\t\t\t\t<\/div>\n\t\t<div data-particle_enable=\"false\" data-particle-mobile-disabled=\"false\" class=\"elementor-element elementor-element-e3aaca9 e-flex e-con-boxed e-con e-parent\" data-id=\"e3aaca9\" data-element_type=\"container\" data-e-type=\"container\" data-settings=\"{&quot;_ha_eqh_enable&quot;:false}\">\n\t\t\t\t\t<div class=\"e-con-inner\">\n\t\t\t\t<div class=\"elementor-element elementor-element-de9a70b elementor-widget elementor-widget-text-editor\" data-id=\"de9a70b\" data-element_type=\"widget\" data-e-type=\"widget\" data-widget_type=\"text-editor.default\">\n\t\t\t\t<div class=\"elementor-widget-container\">\n\t\t\t\t\t\t\t\t\t<p>Fornecer produtos e servi\u00e7os de montagem de placas e equipamentos eletr\u00f4nicos que atendam \u00e0s necessidades e expectativas dos clientes, requisitos estes, aplic\u00e1veis atrav\u00e9s de uma equipe capacitada e melhoria cont\u00ednua dos processos, produtos e servi\u00e7os.<\/p>\t\t\t\t\t\t\t\t<\/div>\n\t\t\t\t<\/div>\n\t\t\t\t\t<\/div>\n\t\t\t\t<\/div>\n\t\t<div data-particle_enable=\"false\" data-particle-mobile-disabled=\"false\" class=\"elementor-element elementor-element-2ab34f1 e-flex e-con-boxed e-con e-parent\" data-id=\"2ab34f1\" data-element_type=\"container\" data-e-type=\"container\" data-settings=\"{&quot;_ha_eqh_enable&quot;:false}\">\n\t\t\t\t\t<div class=\"e-con-inner\">\n\t\t\t\t<div class=\"elementor-element elementor-element-4b21a1b ha-has-bg-overlay elementor-widget elementor-widget-heading\" data-id=\"4b21a1b\" data-element_type=\"widget\" data-e-type=\"widget\" data-widget_type=\"heading.default\">\n\t\t\t\t<div class=\"elementor-widget-container\">\n\t\t\t\t\t<h2 class=\"elementor-heading-title elementor-size-default\">Objetivos da Qualidade<\/h2>\t\t\t\t<\/div>\n\t\t\t\t<\/div>\n\t\t\t\t\t<\/div>\n\t\t\t\t<\/div>\n\t\t<div data-particle_enable=\"false\" data-particle-mobile-disabled=\"false\" class=\"elementor-element elementor-element-3be1fb5 e-flex e-con-boxed e-con e-parent\" data-id=\"3be1fb5\" data-element_type=\"container\" data-e-type=\"container\" data-settings=\"{&quot;_ha_eqh_enable&quot;:false}\">\n\t\t\t\t\t<div class=\"e-con-inner\">\n\t\t\t\t<div class=\"elementor-element elementor-element-a9e713a elementor-widget elementor-widget-text-editor\" data-id=\"a9e713a\" data-element_type=\"widget\" data-e-type=\"widget\" data-widget_type=\"text-editor.default\">\n\t\t\t\t<div class=\"elementor-widget-container\">\n\t\t\t\t\t\t\t\t\t<p>Aumentar o n\u00edvel de satisfa\u00e7\u00e3o dos clientes;<br \/>Capacitar t\u00e9cnica e operacionalmente, os recursos humanos;<br \/>Melhorar os processos de produ\u00e7\u00e3o e servi\u00e7os;<br \/>Reduzir os \u00edndices de n\u00e3o conformidade.<\/p>\t\t\t\t\t\t\t\t<\/div>\n\t\t\t\t<\/div>\n\t\t\t\t\t<\/div>\n\t\t\t\t<\/div>\n\t\t\t\t<\/div>\n\t\t","protected":false},"excerpt":{"rendered":"<p>Pol\u00edtica da Qualidade Fornecer produtos e servi\u00e7os de montagem de placas e equipamentos eletr\u00f4nicos que atendam \u00e0s necessidades e expectativas dos clientes, requisitos estes, aplic\u00e1veis atrav\u00e9s de uma equipe capacitada e melhoria cont\u00ednua dos processos, produtos e servi\u00e7os. Objetivos da Qualidade Aumentar o n\u00edvel de satisfa\u00e7\u00e3o dos clientes;Capacitar t\u00e9cnica e operacionalmente, os recursos humanos;Melhorar os [&hellip;]<\/p>\n","protected":false},"author":1,"featured_media":0,"parent":0,"menu_order":0,"comment_status":"closed","ping_status":"closed","template":"","meta":{"footnotes":""},"folder":[6],"class_list":["post-19940","page","type-page","status-publish","hentry"],"_links":{"self":[{"href":"https:\/\/traceled.com.br\/novo\/wp-json\/wp\/v2\/pages\/19940","targetHints":{"allow":["GET"]}}],"collection":[{"href":"https:\/\/traceled.com.br\/novo\/wp-json\/wp\/v2\/pages"}],"about":[{"href":"https:\/\/traceled.com.br\/novo\/wp-json\/wp\/v2\/types\/page"}],"author":[{"embeddable":true,"href":"https:\/\/traceled.com.br\/novo\/wp-json\/wp\/v2\/users\/1"}],"replies":[{"embeddable":true,"href":"https:\/\/traceled.com.br\/novo\/wp-json\/wp\/v2\/comments?post=19940"}],"version-history":[{"count":25,"href":"https:\/\/traceled.com.br\/novo\/wp-json\/wp\/v2\/pages\/19940\/revisions"}],"predecessor-version":[{"id":19998,"href":"https:\/\/traceled.com.br\/novo\/wp-json\/wp\/v2\/pages\/19940\/revisions\/19998"}],"wp:attachment":[{"href":"https:\/\/traceled.com.br\/novo\/wp-json\/wp\/v2\/media?parent=19940"}],"wp:term":[{"taxonomy":"folder","embeddable":true,"href":"https:\/\/traceled.com.br\/novo\/wp-json\/wp\/v2\/folder?post=19940"}],"curies":[{"name":"wp","href":"https:\/\/api.w.org\/{rel}","templated":true}]}}