{"id":19970,"date":"2024-08-19T11:36:56","date_gmt":"2024-08-19T11:36:56","guid":{"rendered":"https:\/\/traceled.com.br\/novo\/?page_id=19970"},"modified":"2025-03-18T18:44:56","modified_gmt":"2025-03-18T18:44:56","slug":"missao-visao-e-valores","status":"publish","type":"page","link":"https:\/\/traceled.com.br\/novo\/missao-visao-e-valores\/","title":{"rendered":"Miss\u00e3o vis\u00e3o e valores"},"content":{"rendered":"\t\t<div data-elementor-type=\"wp-page\" data-elementor-id=\"19970\" class=\"elementor elementor-19970\" data-elementor-settings=\"{&quot;ha_cmc_init_switcher&quot;:&quot;no&quot;}\" data-elementor-post-type=\"page\">\n\t\t\t\t\t\t<section data-particle_enable=\"false\" data-particle-mobile-disabled=\"false\" class=\"elementor-section elementor-top-section elementor-element elementor-element-27fea79 elementor-section-boxed elementor-section-height-default elementor-section-height-default\" data-id=\"27fea79\" data-element_type=\"section\" data-e-type=\"section\" data-settings=\"{&quot;background_background&quot;:&quot;gradient&quot;,&quot;_ha_eqh_enable&quot;:false}\">\n\t\t\t\t\t\t<div class=\"elementor-container elementor-column-gap-default\">\n\t\t\t\t\t<div class=\"elementor-column elementor-col-100 elementor-top-column elementor-element elementor-element-ac89d86\" data-id=\"ac89d86\" data-element_type=\"column\" data-e-type=\"column\">\n\t\t\t<div class=\"elementor-widget-wrap elementor-element-populated\">\n\t\t\t\t\t\t\t<\/div>\n\t\t<\/div>\n\t\t\t\t\t<\/div>\n\t\t<\/section>\n\t\t<div data-particle_enable=\"false\" data-particle-mobile-disabled=\"false\" class=\"elementor-element elementor-element-9eaa1f2 e-flex e-con-boxed e-con e-parent\" data-id=\"9eaa1f2\" data-element_type=\"container\" data-e-type=\"container\" data-settings=\"{&quot;_ha_eqh_enable&quot;:false}\">\n\t\t\t\t\t<div class=\"e-con-inner\">\n\t\t\t\t<div class=\"elementor-element elementor-element-1edf8db ha-has-bg-overlay elementor-widget elementor-widget-heading\" data-id=\"1edf8db\" data-element_type=\"widget\" data-e-type=\"widget\" data-widget_type=\"heading.default\">\n\t\t\t\t<div class=\"elementor-widget-container\">\n\t\t\t\t\t<h2 class=\"elementor-heading-title elementor-size-default\">Miss\u00e3o<\/h2>\t\t\t\t<\/div>\n\t\t\t\t<\/div>\n\t\t\t\t\t<\/div>\n\t\t\t\t<\/div>\n\t\t<div data-particle_enable=\"false\" data-particle-mobile-disabled=\"false\" class=\"elementor-element elementor-element-6c98254 e-flex e-con-boxed e-con e-parent\" data-id=\"6c98254\" data-element_type=\"container\" data-e-type=\"container\" data-settings=\"{&quot;_ha_eqh_enable&quot;:false}\">\n\t\t\t\t\t<div class=\"e-con-inner\">\n\t\t\t\t<div class=\"elementor-element elementor-element-57283cf elementor-widget elementor-widget-text-editor\" data-id=\"57283cf\" data-element_type=\"widget\" data-e-type=\"widget\" data-widget_type=\"text-editor.default\">\n\t\t\t\t<div class=\"elementor-widget-container\">\n\t\t\t\t\t\t\t\t\t<p>Produzir placas eletr\u00f4nicas de qualidade e fornecer aos nossos clientes solu\u00e7\u00f5es em montagens eletr\u00f4nicas com efici\u00eancia, valor agregado e excel\u00eancia, atendendo plenamente as suas\u00a0necessidades.<\/p>\t\t\t\t\t\t\t\t<\/div>\n\t\t\t\t<\/div>\n\t\t\t\t\t<\/div>\n\t\t\t\t<\/div>\n\t\t<div data-particle_enable=\"false\" data-particle-mobile-disabled=\"false\" class=\"elementor-element elementor-element-04414c0 e-flex e-con-boxed e-con e-parent\" data-id=\"04414c0\" data-element_type=\"container\" data-e-type=\"container\" data-settings=\"{&quot;_ha_eqh_enable&quot;:false}\">\n\t\t\t\t\t<div class=\"e-con-inner\">\n\t\t\t\t<div class=\"elementor-element elementor-element-f58634e ha-has-bg-overlay elementor-widget elementor-widget-heading\" data-id=\"f58634e\" data-element_type=\"widget\" data-e-type=\"widget\" data-widget_type=\"heading.default\">\n\t\t\t\t<div class=\"elementor-widget-container\">\n\t\t\t\t\t<h2 class=\"elementor-heading-title elementor-size-default\">Vis\u00e3o<\/h2>\t\t\t\t<\/div>\n\t\t\t\t<\/div>\n\t\t\t\t\t<\/div>\n\t\t\t\t<\/div>\n\t\t<div data-particle_enable=\"false\" data-particle-mobile-disabled=\"false\" class=\"elementor-element elementor-element-5df94c2 e-flex e-con-boxed e-con e-parent\" data-id=\"5df94c2\" data-element_type=\"container\" data-e-type=\"container\" data-settings=\"{&quot;_ha_eqh_enable&quot;:false}\">\n\t\t\t\t\t<div class=\"e-con-inner\">\n\t\t\t\t<div class=\"elementor-element elementor-element-434e63d elementor-widget elementor-widget-text-editor\" data-id=\"434e63d\" data-element_type=\"widget\" data-e-type=\"widget\" data-widget_type=\"text-editor.default\">\n\t\t\t\t<div class=\"elementor-widget-container\">\n\t\t\t\t\t\t\t\t\t<p>Ser perene e lembrada como empresa de refer\u00eancia no segmento, por oferecer produtos e servi\u00e7os de alta qualidade. Nos destacando pela capacidade de entender as necessidades dos clientes e entregar solu\u00e7\u00f5es.<\/p>\t\t\t\t\t\t\t\t<\/div>\n\t\t\t\t<\/div>\n\t\t\t\t\t<\/div>\n\t\t\t\t<\/div>\n\t\t<div data-particle_enable=\"false\" data-particle-mobile-disabled=\"false\" class=\"elementor-element elementor-element-a0b947b e-flex e-con-boxed e-con e-parent\" data-id=\"a0b947b\" data-element_type=\"container\" data-e-type=\"container\" data-settings=\"{&quot;_ha_eqh_enable&quot;:false}\">\n\t\t\t\t\t<div class=\"e-con-inner\">\n\t\t\t\t<div class=\"elementor-element elementor-element-e8ee307 ha-has-bg-overlay elementor-widget elementor-widget-heading\" data-id=\"e8ee307\" data-element_type=\"widget\" data-e-type=\"widget\" data-widget_type=\"heading.default\">\n\t\t\t\t<div class=\"elementor-widget-container\">\n\t\t\t\t\t<h2 class=\"elementor-heading-title elementor-size-default\">Valores<\/h2>\t\t\t\t<\/div>\n\t\t\t\t<\/div>\n\t\t\t\t\t<\/div>\n\t\t\t\t<\/div>\n\t\t<div data-particle_enable=\"false\" data-particle-mobile-disabled=\"false\" class=\"elementor-element elementor-element-1c6bdab e-flex e-con-boxed e-con e-parent\" data-id=\"1c6bdab\" data-element_type=\"container\" data-e-type=\"container\" data-settings=\"{&quot;_ha_eqh_enable&quot;:false}\">\n\t\t\t\t\t<div class=\"e-con-inner\">\n\t\t\t\t<div class=\"elementor-element elementor-element-c7f03d9 elementor-widget elementor-widget-text-editor\" data-id=\"c7f03d9\" data-element_type=\"widget\" data-e-type=\"widget\" data-widget_type=\"text-editor.default\">\n\t\t\t\t<div class=\"elementor-widget-container\">\n\t\t\t\t\t\t\t\t\t<p><strong>Comprometimento com todos<\/strong>\u00a0\u2013 Equipe, clientes, fornecedores e parceiros;<\/p><p><strong>Compromisso<\/strong>\u00a0\u2013 Nosso time entrega;<\/p><p><strong>Aten\u00e7\u00e3o aos detalhes<\/strong>\u00a0\u2013 Em tudo que fazemos;<\/p><p><strong>Inova\u00e7\u00e3o<\/strong>\u00a0\u2013 Uma busca constante;<\/p><p><strong>Efici\u00eancia, efic\u00e1cia e efetividade<\/strong>\u00a0\u2013 Em todas as etapas do processo;<br \/><strong>Qualidade<\/strong>\u00a0\u2013 Em tudo que fazemos;<\/p><p><strong>Trabalho em equipe<\/strong>\u00a0\u2013 Sempre com profissionalismo, \u00e9tica, respeito, responsabilidade e integridade;<br \/><strong>Capacita\u00e7\u00e3o<\/strong>\u00a0\u2013 Atualiza\u00e7\u00e3o cont\u00ednua para dom\u00ednio das t\u00e9cnicas e processos.<\/p>\t\t\t\t\t\t\t\t<\/div>\n\t\t\t\t<\/div>\n\t\t\t\t\t<\/div>\n\t\t\t\t<\/div>\n\t\t\t\t<\/div>\n\t\t","protected":false},"excerpt":{"rendered":"<p>Miss\u00e3o Produzir placas eletr\u00f4nicas de qualidade e fornecer aos nossos clientes solu\u00e7\u00f5es em montagens eletr\u00f4nicas com efici\u00eancia, valor agregado e excel\u00eancia, atendendo plenamente as suas\u00a0necessidades. Vis\u00e3o Ser perene e lembrada como empresa de refer\u00eancia no segmento, por oferecer produtos e servi\u00e7os de alta qualidade. Nos destacando pela capacidade de entender as necessidades dos clientes e [&hellip;]<\/p>\n","protected":false},"author":1,"featured_media":0,"parent":0,"menu_order":0,"comment_status":"closed","ping_status":"closed","template":"","meta":{"footnotes":""},"folder":[6],"class_list":["post-19970","page","type-page","status-publish","hentry"],"_links":{"self":[{"href":"https:\/\/traceled.com.br\/novo\/wp-json\/wp\/v2\/pages\/19970","targetHints":{"allow":["GET"]}}],"collection":[{"href":"https:\/\/traceled.com.br\/novo\/wp-json\/wp\/v2\/pages"}],"about":[{"href":"https:\/\/traceled.com.br\/novo\/wp-json\/wp\/v2\/types\/page"}],"author":[{"embeddable":true,"href":"https:\/\/traceled.com.br\/novo\/wp-json\/wp\/v2\/users\/1"}],"replies":[{"embeddable":true,"href":"https:\/\/traceled.com.br\/novo\/wp-json\/wp\/v2\/comments?post=19970"}],"version-history":[{"count":10,"href":"https:\/\/traceled.com.br\/novo\/wp-json\/wp\/v2\/pages\/19970\/revisions"}],"predecessor-version":[{"id":22220,"href":"https:\/\/traceled.com.br\/novo\/wp-json\/wp\/v2\/pages\/19970\/revisions\/22220"}],"wp:attachment":[{"href":"https:\/\/traceled.com.br\/novo\/wp-json\/wp\/v2\/media?parent=19970"}],"wp:term":[{"taxonomy":"folder","embeddable":true,"href":"https:\/\/traceled.com.br\/novo\/wp-json\/wp\/v2\/folder?post=19970"}],"curies":[{"name":"wp","href":"https:\/\/api.w.org\/{rel}","templated":true}]}}